{"id":894,"date":"2022-01-25T08:59:34","date_gmt":"2022-01-25T07:59:34","guid":{"rendered":"https:\/\/oppenborn-solutions.de\/prestations\/"},"modified":"2024-07-04T08:17:27","modified_gmt":"2024-07-04T06:17:27","slug":"prestations","status":"publish","type":"page","link":"https:\/\/oppenborn-solutions.de\/fr\/prestations\/","title":{"rendered":"Prestations"},"content":{"rendered":"<section class=\"l-section wpb_row height_medium\"><div class=\"l-section-h i-cf\"><div class=\"g-cols vc_row via_flex valign_top type_default stacking_default\"><div class=\"vc_col-sm-12 wpb_column vc_column_container\"><div class=\"vc_column-inner\"><div class=\"wpb_wrapper\"><h1 class=\"w-text us_custom_2323e615\"><span class=\"w-text-h\"><span class=\"w-text-value\">Lib\u00e9rons le plein potentiel de votre entreprise<\/span><\/span><\/h1><div class=\"wpb_text_column us_custom_02c3e09d\"><div class=\"wpb_wrapper\"><p>Je m&rsquo;adresse sp\u00e9cifiquement \u00e0 vous en tant que propri\u00e9taire, associ\u00e9, chef d&rsquo;entreprise ou cadre de premier niveau. Je me concentre sur les petites et moyennes entreprises du secteur de la construction de machines et d&rsquo;installations et du traitement des m\u00e9taux et du bois.<\/p>\n<\/div><\/div><\/div><\/div><\/div><\/div><\/div><\/section><section class=\"l-section wpb_row us_custom_8fc6cc2d height_auto\"><div class=\"l-section-overlay\" style=\"background:var(--color-content-bg-alt)\"><\/div><div class=\"l-section-h i-cf\"><div class=\"g-cols vc_row via_flex valign_top type_default stacking_default\"><div class=\"vc_col-sm-12 wpb_column vc_column_container\"><div class=\"vc_column-inner\"><div class=\"wpb_wrapper\"><h2 class=\"w-text us_custom_03103c1e\"><span class=\"w-text-h\"><span class=\"w-text-value\">Construisez sur les piliers solides de mon offre<\/span><\/span><\/h2><div class=\"w-separator size_small\"><\/div><div class=\"g-cols wpb_row us_custom_33b9ee00 via_flex valign_top type_default\"><div class=\"vc_col-sm-6 wpb_column vc_column_container\"><div class=\"vc_column-inner us_custom_a833bf3c\"><div class=\"wpb_wrapper\"><div class=\"w-iconbox iconpos_top style_default color_contrast align_left\"><div class=\"w-iconbox-icon\" style=\"font-size:2rem;\"><i class=\"fal fa-suitcase\"><\/i><\/div><div class=\"w-iconbox-meta\"><h4 class=\"w-iconbox-title\">Exp\u00e9rience en gestion<\/h4><div class=\"w-iconbox-text\"><p>Les comp\u00e9tences de direction et de n\u00e9gociation d&rsquo;un manager exp\u00e9riment\u00e9 au niveau international.<\/p>\n<\/div><\/div><\/div><\/div><\/div><\/div><div class=\"vc_col-sm-6 wpb_column vc_column_container\"><div class=\"vc_column-inner us_custom_a833bf3c\"><div class=\"wpb_wrapper\"><div class=\"w-iconbox iconpos_top style_default color_contrast align_left\"><div class=\"w-iconbox-icon\" style=\"font-size:2rem;\"><i class=\"fal fa-bullseye-arrow\"><\/i><\/div><div class=\"w-iconbox-meta\"><h4 class=\"w-iconbox-title\">Comp\u00e9tences strat\u00e9giques<\/h4><div class=\"w-iconbox-text\"><p>La clairvoyance d&rsquo;un stimulateur exp\u00e9riment\u00e9 pour vos processus de d\u00e9veloppement et de changement.<\/p>\n<\/div><\/div><\/div><\/div><\/div><\/div><\/div><div class=\"w-separator size_small\"><\/div><div class=\"g-cols wpb_row us_custom_33b9ee00 via_flex valign_top type_default\"><div class=\"vc_col-sm-6 wpb_column vc_column_container\"><div class=\"vc_column-inner us_custom_a833bf3c\"><div class=\"wpb_wrapper\"><div class=\"w-iconbox iconpos_top style_default color_contrast align_left\"><div class=\"w-iconbox-icon\" style=\"font-size:2rem;\"><i class=\"fal fa-handshake\"><\/i><\/div><div class=\"w-iconbox-meta\"><h4 class=\"w-iconbox-title\">Mentalit\u00e9 &quot;hands on<\/h4><div class=\"w-iconbox-text\"><p>La force de mise en \u0153uvre et la mentalit\u00e9 d&rsquo;un homme d&rsquo;action orient\u00e9 vers la pratique pour r\u00e9soudre vos d\u00e9fis.<\/p>\n<\/div><\/div><\/div><\/div><\/div><\/div><div class=\"vc_col-sm-6 wpb_column vc_column_container\"><div class=\"vc_column-inner us_custom_a833bf3c\"><div class=\"wpb_wrapper\"><div class=\"w-iconbox iconpos_top style_default color_contrast align_left\"><div class=\"w-iconbox-icon\" style=\"font-size:2rem;\"><i class=\"fal fa-cogs\"><\/i><\/div><div class=\"w-iconbox-meta\"><h4 class=\"w-iconbox-title\">Innovations technologiques<\/h4><div class=\"w-iconbox-text\"><p>La cr\u00e9ativit\u00e9 d&rsquo;un ing\u00e9nieur exp\u00e9riment\u00e9 dans la construction de machines sp\u00e9ciales et d&rsquo;installations, avec un sens aigu du r\u00e9alisable.<\/p>\n<\/div><\/div><\/div><\/div><\/div><\/div><\/div><\/div><\/div><\/div><\/div><\/div><\/section><section class=\"l-section wpb_row height_auto\"><div class=\"l-section-h i-cf\"><div class=\"g-cols vc_row via_flex valign_top type_default stacking_default\"><div class=\"vc_col-sm-12 wpb_column vc_column_container has_bg_color\"><div class=\"vc_column-inner us_custom_50a42b0b\"><div class=\"wpb_wrapper\"><div class=\"g-cols wpb_row via_flex valign_top type_default reversed stacking_default\" id=\"managementberatung\"><div class=\"vc_col-sm-6 wpb_column vc_column_container\"><div class=\"vc_column-inner\"><div class=\"wpb_wrapper\"><div class=\"w-image us_custom_d6f397ec has_ratio align_none\"><div class=\"w-image-h\"><div style=\"padding-bottom:133.3333%\"><\/div><img decoding=\"async\" width=\"853\" height=\"1024\" src=\"https:\/\/oppenborn-solutions.de\/wp-content\/uploads\/2022\/11\/managementberatung-853x1024.jpg\" class=\"attachment-large size-large\" alt=\"\" loading=\"lazy\" srcset=\"https:\/\/oppenborn-solutions.de\/wp-content\/uploads\/2022\/11\/managementberatung-853x1024.jpg 853w, https:\/\/oppenborn-solutions.de\/wp-content\/uploads\/2022\/11\/managementberatung-250x300.jpg 250w, https:\/\/oppenborn-solutions.de\/wp-content\/uploads\/2022\/11\/managementberatung.jpg 1000w\" sizes=\"auto, (max-width: 853px) 100vw, 853px\" \/><\/div><\/div><\/div><\/div><\/div><div class=\"vc_col-sm-6 wpb_column vc_column_container\"><div class=\"vc_column-inner\"><div class=\"wpb_wrapper\"><h2 class=\"w-text us_custom_7bc348ac has_text_color\"><span class=\"w-text-h\"><span class=\"w-text-value\">Conseil en gestion<\/span><\/span><\/h2><div class=\"wpb_text_column us_custom_53690b31\"><div class=\"wpb_wrapper\"><p><strong>Maintenir le cap de votre navire<\/strong><\/p>\n<p>Je vous aide aussi bien dans vos activit\u00e9s quotidiennes que dans la prise de d\u00e9cisions concernant des t\u00e2ches strat\u00e9giques importantes et complexes.<\/p>\n<p>L&rsquo;\u00e9volution politique et \u00e9conomique mondiale de ces derni\u00e8res ann\u00e9es pose de grands d\u00e9fis \u00e0 de nombreuses entreprises. Des \u00e9conomies de co\u00fbts cibl\u00e9es, efficaces et surtout durables deviennent une t\u00e2che obligatoire pour pouvoir continuer \u00e0 agir avec succ\u00e8s \u00e0 l&rsquo;avenir. C&rsquo;est avec plaisir que je mettrai mon savoir-faire \u00e0 votre disposition pour identifier syst\u00e9matiquement les potentiels d&rsquo;\u00e9conomie dans votre entreprise. J&rsquo;analyse avec vous vos donn\u00e9es de gestion et vos \u00e9valuations (par ex. bilans, rapports trimestriels, etc.) et j&rsquo;examine votre processus de traitement, de l&rsquo;acquisition \u00e0 l&rsquo;apr\u00e8s-vente. Sur cette base, je mets \u00e0 votre disposition ma vaste expertise pratique en mati\u00e8re d&rsquo;am\u00e9lioration des processus et de l&rsquo;organisation, afin que vous soyez en mesure de r\u00e9duire vos co\u00fbts et, surtout, de les ma\u00eetriser durablement.<\/p>\n<p>La p\u00e9nurie omnipr\u00e9sente de sp\u00e9cialistes et de cadres marque \u00e9galement de plus en plus le d\u00e9veloppement \u00e9conomique des entreprises industrielles. N&rsquo;h\u00e9sitez pas \u00e0 me contacter pour des questions de ressources humaines telles que le d\u00e9veloppement du leadership ou la s\u00e9lection de candidats.<\/p>\n<p>Vos activit\u00e9s quotidiennes vous posent des d\u00e9fis difficiles ?<br \/>\nPar exemple, dans la collaboration avec vos clients, vos fournisseurs, vos sup\u00e9rieurs ou vos collaborateurs ?<br \/>\nTrouvez avec moi des solutions cibl\u00e9es et durables et \u00e9laborez pour cela une strat\u00e9gie de communication convaincante et en m\u00eame temps respectueuse.<\/p>\n<p>Si d&rsquo;autres sujets vous pr\u00e9occupent dans la gestion de votre entreprise, n&rsquo;h\u00e9sitez pas \u00e0 me contacter &#8211; je suis l\u00e0 pour vous !<\/p>\n<\/div><\/div><\/div><\/div><\/div><\/div><\/div><\/div><\/div><\/div><\/div><\/section><section class=\"l-section wpb_row height_auto\"><div class=\"l-section-h i-cf\"><div class=\"g-cols vc_row via_flex valign_top type_default stacking_default\"><div class=\"vc_col-sm-12 wpb_column vc_column_container\"><div class=\"vc_column-inner\"><div class=\"wpb_wrapper\"><div class=\"w-separator size_custom\" style=\"height:20vh\"><\/div><\/div><\/div><\/div><div class=\"vc_col-sm-12 wpb_column vc_column_container has_bg_color\"><div class=\"vc_column-inner us_custom_50a42b0b\"><div class=\"wpb_wrapper\"><div class=\"g-cols wpb_row via_flex valign_top type_default reversed stacking_default\" id=\"coaching\"><div class=\"vc_col-sm-6 wpb_column vc_column_container\"><div class=\"vc_column-inner\"><div class=\"wpb_wrapper\"><div class=\"w-image us_custom_d6f397ec has_ratio align_none\"><div class=\"w-image-h\"><div style=\"padding-bottom:133.3333%\"><\/div><img decoding=\"async\" width=\"683\" height=\"1024\" src=\"https:\/\/oppenborn-solutions.de\/wp-content\/uploads\/2023\/01\/Oppenborn-solutions-coaching-683x1024.jpg\" class=\"attachment-large size-large\" alt=\"\" loading=\"lazy\" srcset=\"https:\/\/oppenborn-solutions.de\/wp-content\/uploads\/2023\/01\/Oppenborn-solutions-coaching-683x1024.jpg 683w, https:\/\/oppenborn-solutions.de\/wp-content\/uploads\/2023\/01\/Oppenborn-solutions-coaching-200x300.jpg 200w, https:\/\/oppenborn-solutions.de\/wp-content\/uploads\/2023\/01\/Oppenborn-solutions-coaching.jpg 800w\" sizes=\"auto, (max-width: 683px) 100vw, 683px\" \/><\/div><\/div><\/div><\/div><\/div><div class=\"vc_col-sm-6 wpb_column vc_column_container\"><div class=\"vc_column-inner\"><div class=\"wpb_wrapper\"><h2 class=\"w-text us_custom_a4c03b5e\"><span class=\"w-text-h\"><span class=\"w-text-value\">Coaching<\/span><\/span><\/h2><div class=\"wpb_text_column us_custom_00f1986c\"><div class=\"wpb_wrapper\"><p><strong>D\u00e9couvrez ce que vous avez en vous<\/strong><\/p>\n<p>En tant que manager:in d&rsquo;une entreprise, vous vous trouvez dans une situation difficile qui vous met \u00e0 rude \u00e9preuve.<\/p>\n<p>situations telles que<\/p>\n<ul>\n<li>Surcharge physique et mentale<\/li>\n<li>des difficult\u00e9s de collaboration avec vos sup\u00e9rieurs ou vos associ\u00e9s<\/li>\n<li>Manque d&rsquo;identification de votre \u00e9quipe de direction avec les objectifs de l&rsquo;entreprise<\/li>\n<li>Mise en \u0153uvre de mesures de r\u00e9habilitation<\/li>\n<li>Disputes avec les partenaires commerciaux<\/li>\n<li>Int\u00e9gration des processus de changement<\/li>\n<\/ul>\n<p>vous am\u00e8nent \u00e0 vos limites personnelles ?<\/p>\n<p>Je suis \u00e0 vos c\u00f4t\u00e9s avec ma propre exp\u00e9rience, mes ann\u00e9es d&rsquo;accompagnement de coaching et mes connaissances en mati\u00e8re de d\u00e9veloppement des cadres.<\/p>\n<p>Apr\u00e8s une analyse approfondie de la situation et des ressources disponibles, je cherche avec vous des solutions pour que vous puissiez poursuivre votre chemin en toute s\u00e9curit\u00e9 et authenticit\u00e9.<\/p>\n<\/div><\/div><\/div><\/div><\/div><\/div><\/div><\/div><\/div><\/div><\/div><\/section><section class=\"l-section wpb_row height_auto\"><div class=\"l-section-h i-cf\"><div class=\"g-cols vc_row via_flex valign_top type_default stacking_default\"><div class=\"vc_col-sm-12 wpb_column vc_column_container\"><div class=\"vc_column-inner\"><div class=\"wpb_wrapper\"><div class=\"w-separator size_custom\" style=\"height:20vh\"><\/div><\/div><\/div><\/div><div class=\"vc_col-sm-12 wpb_column vc_column_container has_bg_color\"><div class=\"vc_column-inner us_custom_50a42b0b\"><div class=\"wpb_wrapper\"><div class=\"g-cols wpb_row via_flex valign_top type_default reversed stacking_default\" id=\"technologieberatung\"><div class=\"vc_col-sm-6 wpb_column vc_column_container\"><div class=\"vc_column-inner\"><div class=\"wpb_wrapper\"><div class=\"w-image us_custom_d6f397ec has_ratio align_none\"><div class=\"w-image-h\"><div style=\"padding-bottom:133.3333%\"><\/div><img decoding=\"async\" width=\"683\" height=\"1024\" src=\"https:\/\/oppenborn-solutions.de\/wp-content\/uploads\/2023\/01\/Technologieberatung-Unternehmen-683x1024.jpg\" class=\"attachment-large size-large\" alt=\"\" loading=\"lazy\" srcset=\"https:\/\/oppenborn-solutions.de\/wp-content\/uploads\/2023\/01\/Technologieberatung-Unternehmen-683x1024.jpg 683w, https:\/\/oppenborn-solutions.de\/wp-content\/uploads\/2023\/01\/Technologieberatung-Unternehmen-200x300.jpg 200w, https:\/\/oppenborn-solutions.de\/wp-content\/uploads\/2023\/01\/Technologieberatung-Unternehmen.jpg 800w\" sizes=\"auto, (max-width: 683px) 100vw, 683px\" \/><\/div><\/div><\/div><\/div><\/div><div class=\"vc_col-sm-6 wpb_column vc_column_container\"><div class=\"vc_column-inner\"><div class=\"wpb_wrapper\"><h2 class=\"w-text us_custom_f0dd82ce has_text_color\"><span class=\"w-text-h\"><span class=\"w-text-value\">Conseil en technologie<\/span><\/span><\/h2><div class=\"wpb_text_column us_custom_00f1986c\"><div class=\"wpb_wrapper\"><p><strong>Mes comp\u00e9tences en ing\u00e9nierie m\u00e9canique pour la p\u00e9rennit\u00e9 de vos produits<\/strong><\/p>\n<p>Vous avez l&rsquo;intention de d\u00e9velopper de nouveaux produits et d&rsquo;en faire le moteur de votre r\u00e9ussite commerciale.<br \/>\nVous trouverez en moi un partenaire qui fait progresser de mani\u00e8re syst\u00e9matique et m\u00e9thodique le processus d&rsquo;innovation pour vos machines et installations, depuis l&rsquo;analyse du march\u00e9 jusqu&rsquo;\u00e0 la conception d\u00e9taill\u00e9e.<\/p>\n<p>Je peux \u00e9galement vous aider \u00e0 d\u00e9velopper des solutions de num\u00e9risation adapt\u00e9es aux besoins de vos clients.<\/p>\n<p>Si vous \u00eates confront\u00e9 au d\u00e9fi d&rsquo;analyser et de r\u00e9soudre des cas de r\u00e9clamation complexes \u00e0 court terme, je serai heureux de mettre ma vaste exp\u00e9rience \u00e0 votre disposition.<\/p>\n<\/div><\/div><\/div><\/div><\/div><\/div><\/div><\/div><\/div><\/div><\/div><\/section><section class=\"l-section wpb_row us_custom_fc492de4 height_auto\"><div class=\"l-section-h i-cf\"><div class=\"g-cols vc_row via_flex valign_top type_default reversed stacking_default\"><div class=\"vc_col-sm-12 wpb_column vc_column_container\"><div class=\"vc_column-inner\"><div class=\"wpb_wrapper\"><div class=\"w-separator size_custom\" style=\"height:20vh\"><\/div><\/div><\/div><\/div><div class=\"vc_col-sm-12 wpb_column vc_column_container has_bg_color\"><div class=\"vc_column-inner us_custom_50a42b0b\"><div class=\"wpb_wrapper\"><div class=\"g-cols wpb_row via_flex valign_top type_default reversed stacking_default\" id=\"interimmanagement\"><div class=\"vc_col-sm-6 wpb_column vc_column_container\"><div class=\"vc_column-inner\"><div class=\"wpb_wrapper\"><div class=\"w-image us_custom_d6f397ec has_ratio align_none\"><div class=\"w-image-h\"><div style=\"padding-bottom:133.3333%\"><\/div><img decoding=\"async\" width=\"683\" height=\"1024\" src=\"https:\/\/oppenborn-solutions.de\/wp-content\/uploads\/2023\/01\/Interim-Management-Unternehmen-683x1024.jpg\" class=\"attachment-large size-large\" alt=\"\" loading=\"lazy\" srcset=\"https:\/\/oppenborn-solutions.de\/wp-content\/uploads\/2023\/01\/Interim-Management-Unternehmen-683x1024.jpg 683w, https:\/\/oppenborn-solutions.de\/wp-content\/uploads\/2023\/01\/Interim-Management-Unternehmen-200x300.jpg 200w, https:\/\/oppenborn-solutions.de\/wp-content\/uploads\/2023\/01\/Interim-Management-Unternehmen.jpg 800w\" sizes=\"auto, (max-width: 683px) 100vw, 683px\" \/><\/div><\/div><\/div><\/div><\/div><div class=\"vc_col-sm-6 wpb_column vc_column_container\"><div class=\"vc_column-inner\"><div class=\"wpb_wrapper\"><h2 class=\"w-text us_custom_a4c03b5e\"><span class=\"w-text-h\"><span class=\"w-text-value\">Gestion int\u00e9rimaire<\/span><\/span><\/h2><div class=\"wpb_text_column us_custom_00f1986c\"><div class=\"wpb_wrapper\"><p><strong>Misez sur la s\u00e9curit\u00e9<\/strong><\/p>\n<p>Votre entreprise se retrouve-t-elle soudainement sans direction en raison d&rsquo;un \u00e9v\u00e9nement impr\u00e9visible (p. ex. en cas de maladie) ?<br \/>\nJe peux alors, gr\u00e2ce \u00e0 ma longue exp\u00e9rience en tant que directeur unique, reprendre provisoirement et \u00e0 tr\u00e8s court terme les affaires de votre entreprise.<\/p>\n<p>Je dirige \u00e9galement votre entreprise en tant que manager dans des situations o\u00f9 votre direction a besoin de soutien (par exemple en cas de processus d&rsquo;int\u00e9gration ou de transition).<\/p>\n<\/div><\/div><\/div><\/div><\/div><\/div><\/div><\/div><\/div><\/div><\/div><\/section><section class=\"l-section wpb_row height_medium\"><div class=\"l-section-h i-cf\"><div class=\"g-cols vc_row via_flex valign_top type_default stacking_default\"><div class=\"vc_col-sm-12 wpb_column vc_column_container\"><div class=\"vc_column-inner\"><div class=\"wpb_wrapper\"><div class=\"w-separator size_medium\"><\/div><\/div><\/div><\/div><\/div><\/div><\/section>\n","protected":false},"excerpt":{"rendered":"Lib\u00e9rons le plein potentiel de votre entrepriseJe m&rsquo;adresse sp\u00e9cifiquement \u00e0 vous en tant que propri\u00e9taire, associ\u00e9, chef d&rsquo;entreprise ou cadre de premier niveau. Je me concentre sur les petites et moyennes entreprises du secteur de la construction de machines et d&rsquo;installations et du traitement des m\u00e9taux et du bois. Construisez sur les piliers solides de...","protected":false},"author":1,"featured_media":0,"parent":0,"menu_order":0,"comment_status":"closed","ping_status":"closed","template":"","meta":{"footnotes":""},"class_list":["post-894","page","type-page","status-publish","hentry"],"_links":{"self":[{"href":"https:\/\/oppenborn-solutions.de\/fr\/wp-json\/wp\/v2\/pages\/894","targetHints":{"allow":["GET"]}}],"collection":[{"href":"https:\/\/oppenborn-solutions.de\/fr\/wp-json\/wp\/v2\/pages"}],"about":[{"href":"https:\/\/oppenborn-solutions.de\/fr\/wp-json\/wp\/v2\/types\/page"}],"author":[{"embeddable":true,"href":"https:\/\/oppenborn-solutions.de\/fr\/wp-json\/wp\/v2\/users\/1"}],"replies":[{"embeddable":true,"href":"https:\/\/oppenborn-solutions.de\/fr\/wp-json\/wp\/v2\/comments?post=894"}],"version-history":[{"count":10,"href":"https:\/\/oppenborn-solutions.de\/fr\/wp-json\/wp\/v2\/pages\/894\/revisions"}],"predecessor-version":[{"id":1007,"href":"https:\/\/oppenborn-solutions.de\/fr\/wp-json\/wp\/v2\/pages\/894\/revisions\/1007"}],"wp:attachment":[{"href":"https:\/\/oppenborn-solutions.de\/fr\/wp-json\/wp\/v2\/media?parent=894"}],"curies":[{"name":"wp","href":"https:\/\/api.w.org\/{rel}","templated":true}]}}