{"id":843,"date":"2022-11-21T20:45:19","date_gmt":"2022-11-21T19:45:19","guid":{"rendered":"https:\/\/oppenborn-solutions.de\/premiere-consultation\/"},"modified":"2023-03-14T22:02:22","modified_gmt":"2023-03-14T21:02:22","slug":"premiere-consultation","status":"publish","type":"page","link":"https:\/\/oppenborn-solutions.de\/fr\/premiere-consultation\/","title":{"rendered":"Premi\u00e8re consultation"},"content":{"rendered":"<section class=\"l-section wpb_row us_custom_8b2878bd height_auto\"><div class=\"l-section-h i-cf\"><div class=\"g-cols vc_row via_flex valign_top type_default stacking_default\"><div class=\"vc_col-sm-12 wpb_column vc_column_container\"><div class=\"vc_column-inner\"><div class=\"wpb_wrapper\"><h1 class=\"w-text us_custom_eb849559\"><span class=\"w-text-h\"><span class=\"w-text-value\">Laissez-nous<br \/>\nfaire le premier pas<\/span><\/span><\/h1><div class=\"wpb_text_column us_custom_c666c68b\"><div class=\"wpb_wrapper\"><p><strong style=\"font-size: 22px;\">Lors d&rsquo;un entretien commun, nous d\u00e9terminerons comment je peux et dois vous soutenir.<\/strong><\/p>\n<p>Mes clients et partenaires sont situ\u00e9s dans toute l&rsquo;Allemagne, en Autriche et en Suisse. Il va donc de soi que je vous propose \u00e9galement mes services directement sur place.<br \/>\nEn cas de besoin, je suis \u00e0 votre disposition pour des missions internationales.<\/p>\n<p><strong style=\"font-size: 22px;\">Il vous suffit de convenir rapidement d&rsquo;un premier rendez-vous t\u00e9l\u00e9phonique avec moi ! <\/strong><\/p>\n<\/div><\/div><div class=\"g-cols wpb_row us_custom_00184bfb via_flex valign_top type_default stacking_default\"><div class=\"vc_col-sm-6 wpb_column vc_column_container\"><div class=\"vc_column-inner\"><div class=\"wpb_wrapper\"><div class=\"wpb_text_column\"><div class=\"wpb_wrapper\"><h4><strong>Vos coordonn\u00e9es<\/strong><\/h4>\n<\/div><\/div><div class=\"w-separator size_small\"><\/div><form class=\"w-form  layout_ver for_cform us_form_1\" autocomplete=\"off\" action=\"https:\/\/oppenborn-solutions.de\/fr\/wp-json\/wp\/v2\/pages\/843\" method=\"post\"><div class=\"w-form-h\"><div class=\"w-form-row for_text has_label required\">\r\n\t\t\t<div class=\"w-form-row-label\">\r\n\t\t\t<span>Pr\u00e9nom, nom *<\/span>\r\n\t\t<\/div>\r\n\t\t<div class=\"w-form-row-field\">\r\n\t\t\t\t\t\t<input aria-label=\"Pr\u00e9nom, nom\" type=\"text\" name=\"us_form_1_text_1\" value placeholder data-required=\"true\" aria-required=\"true\"\/>\r\n\t\t\t<\/div>\r\n\t\t<div class=\"w-form-row-state\">Vous devez remplir ce champ<\/div>\r\n<\/div>\r\n<div class=\"w-form-row for_email has_label required\">\r\n\t\t\t<div class=\"w-form-row-label\">\r\n\t\t\t<span>Courrier \u00e9lectronique *<\/span>\r\n\t\t<\/div>\r\n\t\t<div class=\"w-form-row-field\">\r\n\t\t\t\t\t\t<input aria-label=\"Courrier \u00e9lectronique\" type=\"email\" name=\"us_form_1_email_1\" value placeholder data-required=\"true\" aria-required=\"true\"\/>\r\n\t\t\t<\/div>\r\n\t\t<div class=\"w-form-row-state\">Veuillez saisir une adresse e-mail valide.<\/div>\r\n<\/div>\r\n<div class=\"w-form-row for_text has_label required\">\r\n\t\t\t<div class=\"w-form-row-label\">\r\n\t\t\t<span>Num\u00e9ro de t\u00e9l\u00e9phone *<\/span>\r\n\t\t<\/div>\r\n\t\t<div class=\"w-form-row-field\">\r\n\t\t\t\t\t\t<input aria-label=\"Num\u00e9ro de t\u00e9l\u00e9phone\" type=\"text\" name=\"us_form_1_text_2\" value placeholder data-required=\"true\" aria-required=\"true\"\/>\r\n\t\t\t<\/div>\r\n\t\t<div class=\"w-form-row-state\">Vous devez remplir ce champ<\/div>\r\n<\/div>\r\n<div class=\"w-form-row for_checkboxes has_label required\">\r\n\t\t\t<div class=\"w-form-row-label\">\r\n\t\t\t<span>Quels sont les sujets qui vous int\u00e9ressent ? <span class=\"required\">*<\/span><\/span>\r\n\t\t<\/div>\r\n\t\t<div class=\"w-form-row-field\">\r\n\t\t\t\t\t<label>\r\n\t\t\t\t<input type=\"checkbox\" name=\"us_form_1_checkboxes_1[]\" data-required=\"true\" value=\"Conseil en gestion\"\/>\r\n\t\t\t\t<span>Conseil en gestion<\/span>\r\n\t\t\t<\/label>\r\n\t\t\t\t\t\t<label>\r\n\t\t\t\t<input type=\"checkbox\" name=\"us_form_1_checkboxes_1[]\" data-required=\"true\" value=\"Coaching\"\/>\r\n\t\t\t\t<span>Coaching<\/span>\r\n\t\t\t<\/label>\r\n\t\t\t\t\t\t<label>\r\n\t\t\t\t<input type=\"checkbox\" name=\"us_form_1_checkboxes_1[]\" data-required=\"true\" value=\"Conseil en technologie\"\/>\r\n\t\t\t\t<span>Conseil en technologie<\/span>\r\n\t\t\t<\/label>\r\n\t\t\t\t\t\t<label>\r\n\t\t\t\t<input type=\"checkbox\" name=\"us_form_1_checkboxes_1[]\" data-required=\"true\" value=\"Gestion int\u00e9rimaire\"\/>\r\n\t\t\t\t<span>Gestion int\u00e9rimaire<\/span>\r\n\t\t\t<\/label>\r\n\t\t\t\t<\/div>\r\n\t\t<div class=\"w-form-row-state\">S\u00e9lectionner une option<\/div>\r\n<\/div>\r\n<div class=\"w-form-row for_date has_label required\">\r\n\t\t\t<div class=\"w-form-row-label\">\r\n\t\t\t<span>Quel jour souhaitez-vous prendre un rendez-vous t\u00e9l\u00e9phonique ? *<\/span>\r\n\t\t<\/div>\r\n\t\t<div class=\"w-form-row-field\">\r\n\t\t\t\t\t\t<input type=\"text\" name=\"us_form_1_date_1\" value inputmode=\"none\" data-date-format=\"d MM yy\" aria-label=\"Quel jour souhaitez-vous prendre un rendez-vous t\u00e9l\u00e9phonique ?\" placeholder data-required=\"true\" aria-required=\"true\"\/>\r\n\t\t\t<\/div>\r\n\t\t<div class=\"w-form-row-state\">Vous devez remplir ce champ<\/div>\r\n<\/div>\r\n<div class=\"w-form-row for_text has_label required\">\r\n\t\t\t<div class=\"w-form-row-label\">\r\n\t\t\t<span>\u00c0 quelle heure ? *<\/span>\r\n\t\t<\/div>\r\n\t\t<div class=\"w-form-row-field\">\r\n\t\t\t\t\t\t<input aria-label=\"\u00c0 quelle heure ?\" type=\"text\" name=\"us_form_1_text_3\" value placeholder data-required=\"true\" aria-required=\"true\"\/>\r\n\t\t\t<\/div>\r\n\t\t<div class=\"w-form-row-state\">Vous devez remplir ce champ<\/div>\r\n<\/div>\r\n<div class=\"w-form-row for_agreement required\">\r\n\t\t<div class=\"w-form-row-field\">\r\n\t\t\t\t<label>\r\n\t\t\t<input type=\"checkbox\" value=\"1\" data-required=\"true\" aria-required=\"true\" name=\"us_form_1_agreement_1\"\/>\r\n\t\t\t<span><\/span>\r\n\t\t<\/label>\r\n\t\t\t<\/div>\r\n\t\t\t<div class=\"w-form-row-description\">\r\n\t\t\tJ'accepte que mes donn\u00e9es du formulaire de contact soient collect\u00e9es et trait\u00e9es pour r\u00e9pondre \u00e0 ma demande. Les donn\u00e9es seront supprim\u00e9es une fois le traitement de votre demande termin\u00e9. Remarque : vous pouvez \u00e0 tout moment r\u00e9voquer votre consentement pour l'avenir par e-mail \u00e0 info(at)oppenborn-solutions.de. Vous trouverez des informations d\u00e9taill\u00e9es sur le traitement des donn\u00e9es des utilisateurs dans notre d\u00e9claration de protection des donn\u00e9es.\t\t<\/div>\r\n\t\t<div class=\"w-form-row-state\">Vous devez accepter les conditions pour continuer<\/div>\r\n<\/div>\r\n<input type=\"hidden\" name=\"action\" value=\"us_ajax_cform\" \/>\r\n<input type=\"hidden\" name=\"post_id\" value=\"0\" \/>\r\n<input type=\"hidden\" name=\"form_index\" value=\"1\" \/>\r\n<div class=\"w-form-row for_submit align_none\">\r\n\t<button class=\"w-btn  us-btn-style_1\" aria-label=\"Envoyer\" type=\"submit\">\r\n\t\t<span class=\"g-preloader type_1\"><\/span>\r\n\t\t\t\t<span class=\"w-btn-label\">Envoyer<\/span>\r\n\t\t\t<\/button>\r\n\t<\/div>\r\n<\/div><div class=\"w-form-message\"><\/div><div class=\"w-form-json hidden\" onclick='return {&quot;ajaxurl&quot;:&quot;https:\\\/\\\/oppenborn-solutions.de\\\/wp-admin\\\/admin-ajax.php&quot;,&quot;messages&quot;:{&quot;err_empty&quot;:&quot;Vous devez remplir ce champ&quot;,&quot;err_size&quot;:&quot;La taille du fichier ne peut pas d\\u00e9passer %s Mo&quot;,&quot;err_extension&quot;:&quot;Le type de fichier %s n&#039;est pas autoris\\u00e9&quot;}}'><\/div><\/form><\/div><\/div><\/div><div class=\"vc_col-sm-6 wpb_column vc_column_container\"><div class=\"vc_column-inner us_custom_b625f019 type_sticky\"><div class=\"wpb_wrapper\"><div class=\"w-image us_custom_447bff20 has_ratio align_right\"><div class=\"w-image-h\"><div style=\"padding-bottom:150%\"><\/div><img decoding=\"async\" width=\"1242\" height=\"1684\" src=\"https:\/\/oppenborn-solutions.de\/wp-content\/uploads\/2022\/11\/herbert-oppenborn.jpg\" class=\"attachment-full size-full\" alt=\"\" loading=\"lazy\" srcset=\"https:\/\/oppenborn-solutions.de\/wp-content\/uploads\/2022\/11\/herbert-oppenborn.jpg 1242w, https:\/\/oppenborn-solutions.de\/wp-content\/uploads\/2022\/11\/herbert-oppenborn-221x300.jpg 221w, https:\/\/oppenborn-solutions.de\/wp-content\/uploads\/2022\/11\/herbert-oppenborn-755x1024.jpg 755w\" sizes=\"auto, (max-width: 1242px) 100vw, 1242px\" \/><\/div><\/div><\/div><\/div><\/div><\/div><\/div><\/div><\/div><\/div><\/div><\/section>\n","protected":false},"excerpt":{"rendered":"Laissez-nous faire le premier pasLors d&rsquo;un entretien commun, nous d\u00e9terminerons comment je peux et dois vous soutenir. Mes clients et partenaires sont situ\u00e9s dans toute l&rsquo;Allemagne, en Autriche et en Suisse. Il va donc de soi que je vous propose \u00e9galement mes services directement sur place. En cas de besoin, je suis \u00e0 votre disposition...","protected":false},"author":1,"featured_media":0,"parent":0,"menu_order":0,"comment_status":"closed","ping_status":"closed","template":"","meta":{"footnotes":""},"class_list":["post-843","page","type-page","status-publish","hentry"],"_links":{"self":[{"href":"https:\/\/oppenborn-solutions.de\/fr\/wp-json\/wp\/v2\/pages\/843","targetHints":{"allow":["GET"]}}],"collection":[{"href":"https:\/\/oppenborn-solutions.de\/fr\/wp-json\/wp\/v2\/pages"}],"about":[{"href":"https:\/\/oppenborn-solutions.de\/fr\/wp-json\/wp\/v2\/types\/page"}],"author":[{"embeddable":true,"href":"https:\/\/oppenborn-solutions.de\/fr\/wp-json\/wp\/v2\/users\/1"}],"replies":[{"embeddable":true,"href":"https:\/\/oppenborn-solutions.de\/fr\/wp-json\/wp\/v2\/comments?post=843"}],"version-history":[{"count":5,"href":"https:\/\/oppenborn-solutions.de\/fr\/wp-json\/wp\/v2\/pages\/843\/revisions"}],"predecessor-version":[{"id":936,"href":"https:\/\/oppenborn-solutions.de\/fr\/wp-json\/wp\/v2\/pages\/843\/revisions\/936"}],"wp:attachment":[{"href":"https:\/\/oppenborn-solutions.de\/fr\/wp-json\/wp\/v2\/media?parent=843"}],"curies":[{"name":"wp","href":"https:\/\/api.w.org\/{rel}","templated":true}]}}