{"id":790,"date":"2022-01-26T19:24:45","date_gmt":"2022-01-26T18:24:45","guid":{"rendered":"https:\/\/oppenborn-solutions.de\/a-propos-de-moi\/"},"modified":"2024-07-04T08:17:22","modified_gmt":"2024-07-04T06:17:22","slug":"a-propos-de-moi","status":"publish","type":"page","link":"https:\/\/oppenborn-solutions.de\/fr\/a-propos-de-moi\/","title":{"rendered":"Herbert Oppenborn"},"content":{"rendered":"<section class=\"l-section wpb_row us_custom_8b2878bd height_auto\"><div class=\"l-section-h i-cf\"><div class=\"g-cols vc_row via_flex valign_top type_default stacking_default\"><div class=\"vc_col-sm-12 wpb_column vc_column_container\"><div class=\"vc_column-inner\"><div class=\"wpb_wrapper\"><h1 class=\"w-text us_custom_421a4592\"><span class=\"w-text-h\"><span class=\"w-text-value\">Dipl. &#8211; Ing. Herbert Oppenborn<\/span><\/span><\/h1><div class=\"wpb_text_column us_custom_833b6b3c\"><div class=\"wpb_wrapper\"><h3>Votre expert en PME avec de nombreuses ann\u00e9es de responsabilit\u00e9 en tant que directeur g\u00e9n\u00e9ral<\/h3>\n<\/div><\/div><div class=\"w-separator size_medium\"><\/div><div class=\"g-cols wpb_row us_custom_00184bfb via_flex valign_top type_default stacking_default\"><div class=\"vc_col-sm-6 wpb_column vc_column_container\"><div class=\"vc_column-inner\"><div class=\"wpb_wrapper\"><div class=\"wpb_text_column\"><div class=\"wpb_wrapper\"><div class=\"flex-1 overflow-hidden\">\n<div class=\"react-scroll-to-bottom--css-hobjb-79elbk h-full dark:bg-gray-800\">\n<div class=\"react-scroll-to-bottom--css-hobjb-1n7m0yu\">\n<div class=\"flex flex-col items-center text-sm h-full dark:bg-gray-800\">\n<div class=\"w-full border-b border-black\/10 dark:border-gray-900\/50 text-gray-800 dark:text-gray-100 group bg-gray-50 dark:bg-&#091;#444654&#093;\">\n<div class=\"text-base gap-4 md:gap-6 m-auto md:max-w-2xl lg:max-w-2xl xl:max-w-3xl p-4 md:py-6 flex lg:px-0\">\n<div class=\"relative flex w-&#091;calc(100%-50px)&#093; md:flex-col lg:w-&#091;calc(100%-115px)&#093;\">\n<div class=\"flex flex-grow flex-col gap-3\">\n<div class=\"min-h-&#091;20px&#093; flex flex-col items-start gap-4 whitespace-pre-wrap\">\n<div class=\"markdown prose w-full break-words dark:prose-invert light\">\n<p>Au cours de ma carri\u00e8re de manager, qui a dur\u00e9 plus de vingt ans, j&rsquo;ai remport\u00e9 de nombreux succ\u00e8s dans des entreprises industrielles de taille moyenne. Bien s\u00fbr, j&rsquo;ai aussi \u00e9t\u00e9 confront\u00e9 \u00e0 des crises et \u00e0 des d\u00e9fis. Pour y faire face, j&rsquo;ai souvent d\u00e9velopp\u00e9 avec succ\u00e8s des approches et des strat\u00e9gies de solution au cours de ma carri\u00e8re. Gr\u00e2ce \u00e0 mon exp\u00e9rience pratique de la gestion d&rsquo;entreprise et \u00e0 mes qualifications suppl\u00e9mentaires, j&rsquo;ai \u00e9t\u00e9 en mesure de relever avec succ\u00e8s des d\u00e9fis difficiles.<\/p>\n<p>Souvent, ce sont plut\u00f4t les questions interpersonnelles qu&rsquo;il faut r\u00e9soudre. Je peux par exemple vous aider \u00e0 relever des d\u00e9fis difficiles dans le cadre de la collaboration avec des clients, des partenaires ou des sup\u00e9rieurs.<\/p>\n<p>Je vous aide \u00e9galement \u00e0 prendre des d\u00e9cisions concernant des t\u00e2ches strat\u00e9giques complexes. S&rsquo;il s&rsquo;agit par exemple de r\u00e9duire les co\u00fbts, je me tiens \u00e0 votre disposition pour vous apporter mon savoir-faire en mati\u00e8re d&rsquo;optimisation des processus.<\/p>\n<p>Pour votre comp\u00e9titivit\u00e9, il est n\u00e9cessaire d&rsquo;impl\u00e9menter des innovations techniques comme moteur de r\u00e9ussite pour votre entreprise. Avec moi, vous trouverez un partenaire qui vous m\u00e8nera \u00e0 bon port gr\u00e2ce \u00e0 ses comp\u00e9tences polyvalentes, m\u00e9thodologiques et techniques.<\/p>\n<p>C&rsquo;est avec plaisir que je vous ferai profiter de mes expertises et de mes comp\u00e9tences.<br \/>\nJe serais heureux que vous profitiez de mon offre et que je puisse vous aider \u00e0 orienter et \u00e0 diriger votre entreprise avec succ\u00e8s.<\/p>\n<\/div>\n<\/div>\n<\/div>\n<\/div>\n<\/div>\n<\/div>\n<\/div>\n<\/div>\n<\/div>\n<\/div>\n<\/div><\/div><\/div><\/div><\/div><div class=\"vc_col-sm-6 wpb_column vc_column_container\"><div class=\"vc_column-inner us_custom_b625f019\"><div class=\"wpb_wrapper\"><div class=\"w-image us_custom_447bff20 has_ratio align_right\"><div class=\"w-image-h\"><div style=\"padding-bottom:150%\"><\/div><img decoding=\"async\" width=\"600\" height=\"802\" src=\"https:\/\/oppenborn-solutions.de\/wp-content\/uploads\/2023\/01\/herbert-oppenborn-unternehmensberatung.jpg\" class=\"attachment-large size-large\" alt=\"\" loading=\"lazy\" srcset=\"https:\/\/oppenborn-solutions.de\/wp-content\/uploads\/2023\/01\/herbert-oppenborn-unternehmensberatung.jpg 600w, https:\/\/oppenborn-solutions.de\/wp-content\/uploads\/2023\/01\/herbert-oppenborn-unternehmensberatung-224x300.jpg 224w\" sizes=\"auto, (max-width: 600px) 100vw, 600px\" \/><\/div><\/div><\/div><\/div><\/div><\/div><\/div><\/div><\/div><\/div><\/div><\/section>\n","protected":false},"excerpt":{"rendered":"Dipl. &#8211; Ing. Herbert OppenbornVotre expert en PME avec de nombreuses ann\u00e9es de responsabilit\u00e9 en tant que directeur g\u00e9n\u00e9ral Au cours de ma carri\u00e8re de manager, qui a dur\u00e9 plus de vingt ans, j&rsquo;ai remport\u00e9 de nombreux succ\u00e8s dans des entreprises industrielles de taille moyenne. Bien s\u00fbr, j&rsquo;ai aussi \u00e9t\u00e9 confront\u00e9 \u00e0 des crises et...","protected":false},"author":1,"featured_media":0,"parent":0,"menu_order":0,"comment_status":"closed","ping_status":"closed","template":"","meta":{"footnotes":""},"class_list":["post-790","page","type-page","status-publish","hentry"],"_links":{"self":[{"href":"https:\/\/oppenborn-solutions.de\/fr\/wp-json\/wp\/v2\/pages\/790","targetHints":{"allow":["GET"]}}],"collection":[{"href":"https:\/\/oppenborn-solutions.de\/fr\/wp-json\/wp\/v2\/pages"}],"about":[{"href":"https:\/\/oppenborn-solutions.de\/fr\/wp-json\/wp\/v2\/types\/page"}],"author":[{"embeddable":true,"href":"https:\/\/oppenborn-solutions.de\/fr\/wp-json\/wp\/v2\/users\/1"}],"replies":[{"embeddable":true,"href":"https:\/\/oppenborn-solutions.de\/fr\/wp-json\/wp\/v2\/comments?post=790"}],"version-history":[{"count":10,"href":"https:\/\/oppenborn-solutions.de\/fr\/wp-json\/wp\/v2\/pages\/790\/revisions"}],"predecessor-version":[{"id":999,"href":"https:\/\/oppenborn-solutions.de\/fr\/wp-json\/wp\/v2\/pages\/790\/revisions\/999"}],"wp:attachment":[{"href":"https:\/\/oppenborn-solutions.de\/fr\/wp-json\/wp\/v2\/media?parent=790"}],"curies":[{"name":"wp","href":"https:\/\/api.w.org\/{rel}","templated":true}]}}