{"id":778,"date":"2022-11-22T16:09:22","date_gmt":"2022-11-22T15:09:22","guid":{"rendered":"https:\/\/oppenborn-solutions.de\/blog\/"},"modified":"2023-03-29T15:11:25","modified_gmt":"2023-03-29T13:11:25","slug":"blog","status":"publish","type":"page","link":"https:\/\/oppenborn-solutions.de\/fr\/blog\/","title":{"rendered":"Blog"},"content":{"rendered":"<section class=\"l-section wpb_row height_medium\"><div class=\"l-section-h i-cf\"><div class=\"g-cols vc_row via_flex valign_top type_default stacking_default\"><div class=\"vc_col-sm-12 wpb_column vc_column_container\"><div class=\"vc_column-inner\"><div class=\"wpb_wrapper\"><h1 class=\"w-text us_custom_2323e615\"><span class=\"w-text-h\"><span class=\"w-text-value\">Sujets d&rsquo;actualit\u00e9, guides et plus<\/span><\/span><\/h1><div class=\"w-grid type_grid layout_444 cols_3 overflow_hidden\" id=\"us_grid_1\" style=\"--gap:1.5rem;\" data-filterable=\"true\"><style>@media (max-width:1024px){#us_grid_1 .w-grid-item{width:50%}}@media (max-width:600px){#us_grid_1 .w-grid-list{margin:0}#us_grid_1 .w-grid-item{width:100%;padding:0;margin-bottom:var(--gap,0px)}}.layout_444 .w-grid-item-h{background:var(--color-content-bg);color:var(--color-content-heading);border-radius:0.3rem;box-shadow:0 0.03rem 0.06rem rgba(0,0,0,0.1),0 0.1rem 0.3rem rgba(0,0,0,0.1);transition-duration:0.3s}.no-touch .layout_444 .w-grid-item-h:hover{box-shadow:0 0.12rem 0.24rem rgba(0,0,0,0.1),0 0.4rem 1.2rem rgba(0,0,0,0.15);z-index:4}.layout_444 .usg_vwrapper_1{padding:5% 8% 8% 8%!important}.layout_444 .usg_hwrapper_1{margin-bottom:0.2rem!important}.layout_444 .usg_post_date_1{color:var(--color-content-faded)!important;font-size:0.8rem!important;margin-bottom:0.3rem!important}.layout_444 .usg_post_title_1{color:inherit!important;font-weight:700!important;font-size:1.4rem!important}@media (max-width:600px){.layout_444 .usg_post_title_1{font-size:1.2rem!important}}<\/style><div class=\"w-grid-list\">\t<article class=\"w-grid-item size_1x1 post-947 post type-post status-publish format-standard has-post-thumbnail hentry category-non-classifiee\" data-id=\"947\">\r\n\t\t<div class=\"w-grid-item-h\">\r\n\t\t\t\t\t\t<div class=\"w-post-elm post_image usg_post_image_1 stretched\"><a href=\"https:\/\/oppenborn-solutions.de\/fr\/analyse-du-potentiel-et-optimisation-des-processus-conference-le-23-mars-2023-en-basse-baviere\/\" aria-label=\"\u00ab\u00a0Analyse du potentiel et optimisation des processus\u00a0\u00bb &#8211; conf\u00e9rence le 23 mars 2023 en Basse-Bavi\u00e8re\"><img loading=\"lazy\" decoding=\"async\" width=\"800\" height=\"600\" src=\"https:\/\/oppenborn-solutions.de\/wp-content\/uploads\/2023\/03\/1680030943681.jpg\" class=\"attachment-large size-large wp-post-image\" alt=\"\" srcset=\"https:\/\/oppenborn-solutions.de\/wp-content\/uploads\/2023\/03\/1680030943681.jpg 800w, https:\/\/oppenborn-solutions.de\/wp-content\/uploads\/2023\/03\/1680030943681-300x225.jpg 300w\" sizes=\"auto, (max-width: 800px) 100vw, 800px\" \/><\/a><\/div><div class=\"w-vwrapper usg_vwrapper_1 align_none valign_top\"><div class=\"w-hwrapper usg_hwrapper_1 align_none valign_top wrap\"><time class=\"w-post-elm post_date usg_post_date_1 has_text_color entry-date published\" datetime=\"2023-03-29T15:08:43+02:00\" title=\"29 mars 2023 \u00e0 15:08:43 Europe\/Berlin\">il y a 3 ans<\/time><\/div><h2 class=\"w-post-elm post_title usg_post_title_1 has_text_color entry-title color_link_inherit\"><a href=\"https:\/\/oppenborn-solutions.de\/fr\/analyse-du-potentiel-et-optimisation-des-processus-conference-le-23-mars-2023-en-basse-baviere\/\">\u00ab\u00a0Analyse du potentiel et optimisation des processus\u00a0\u00bb &#8211; conf\u00e9rence le 23 mars 2023 en Basse-Bavi\u00e8re<\/a><\/h2><\/div>\t\t<\/div>\r\n\t\t\t<\/article>\r\n<\/div><div class=\"w-grid-preloader\">\t<div class=\"g-preloader type_1\">\r\n\t\t<div><\/div>\r\n\t<\/div>\r\n\t<\/div>\t<div class=\"w-grid-json hidden\" onclick='return {&quot;action&quot;:&quot;us_ajax_grid&quot;,&quot;infinite_scroll&quot;:0,&quot;max_num_pages&quot;:1,&quot;pagination&quot;:&quot;none&quot;,&quot;template_vars&quot;:{&quot;columns&quot;:&quot;3&quot;,&quot;exclude_items&quot;:&quot;none&quot;,&quot;img_size&quot;:&quot;default&quot;,&quot;ignore_items_size&quot;:0,&quot;items_layout&quot;:&quot;444&quot;,&quot;items_offset&quot;:&quot;1&quot;,&quot;load_animation&quot;:&quot;none&quot;,&quot;overriding_link&quot;:&quot;{\\&quot;url\\&quot;:\\&quot;\\&quot;}&quot;,&quot;post_id&quot;:0,&quot;query_args&quot;:{&quot;post_type&quot;:[&quot;post&quot;],&quot;post_status&quot;:[&quot;publish&quot;],&quot;posts_per_page&quot;:&quot;10&quot;},&quot;orderby_query_args&quot;:{&quot;orderby&quot;:{&quot;date&quot;:&quot;DESC&quot;}},&quot;type&quot;:&quot;grid&quot;,&quot;us_grid_post_type&quot;:&quot;post&quot;,&quot;us_grid_ajax_index&quot;:1,&quot;us_grid_filter_query_string&quot;:null,&quot;us_grid_index&quot;:1,&quot;page_args&quot;:[],&quot;lang&quot;:&quot;fr&quot;}}'><\/div>\r\n\t<\/div><\/div><\/div><\/div><\/div><\/div><\/section>\n","protected":false},"excerpt":{"rendered":"Un grand merci aux juniors \u00e9conomiques de Rottal-Inn pour l'invitation dans les salles de conf\u00e9rence de la Volks- und Raiffeisenbank Eggenfelden et pour cet apr\u00e8s-midi tr\u00e8s agr\u00e9able et int\u00e9ressant. Monsieur Dr. Reuber de l'IWT Lemgo et moi-m\u00eame avons eu l'occasion de discuter tr\u00e8s intensivement pendant environ 3 h avec des participants issus des branches les...","protected":false},"author":1,"featured_media":0,"parent":0,"menu_order":0,"comment_status":"closed","ping_status":"closed","template":"","meta":{"footnotes":""},"class_list":["post-778","page","type-page","status-publish","hentry"],"_links":{"self":[{"href":"https:\/\/oppenborn-solutions.de\/fr\/wp-json\/wp\/v2\/pages\/778","targetHints":{"allow":["GET"]}}],"collection":[{"href":"https:\/\/oppenborn-solutions.de\/fr\/wp-json\/wp\/v2\/pages"}],"about":[{"href":"https:\/\/oppenborn-solutions.de\/fr\/wp-json\/wp\/v2\/types\/page"}],"author":[{"embeddable":true,"href":"https:\/\/oppenborn-solutions.de\/fr\/wp-json\/wp\/v2\/users\/1"}],"replies":[{"embeddable":true,"href":"https:\/\/oppenborn-solutions.de\/fr\/wp-json\/wp\/v2\/comments?post=778"}],"version-history":[{"count":10,"href":"https:\/\/oppenborn-solutions.de\/fr\/wp-json\/wp\/v2\/pages\/778\/revisions"}],"predecessor-version":[{"id":962,"href":"https:\/\/oppenborn-solutions.de\/fr\/wp-json\/wp\/v2\/pages\/778\/revisions\/962"}],"wp:attachment":[{"href":"https:\/\/oppenborn-solutions.de\/fr\/wp-json\/wp\/v2\/media?parent=778"}],"curies":[{"name":"wp","href":"https:\/\/api.w.org\/{rel}","templated":true}]}}